{"id":1951,"date":"2023-07-31T14:12:09","date_gmt":"2023-07-31T12:12:09","guid":{"rendered":"https:\/\/satgama.es\/desinsectacion\/"},"modified":"2023-10-06T11:34:06","modified_gmt":"2023-10-06T09:34:06","slug":"desinsectacio","status":"publish","type":"page","link":"https:\/\/satgama.es\/ca\/desinsectacio\/","title":{"rendered":"Desinsectaci\u00f3"},"content":{"rendered":"\t\t<div data-elementor-type=\"wp-page\" data-elementor-id=\"1951\" class=\"elementor elementor-1951 elementor-1379\">\n\t\t\t\t\t\t\t\t\t<section class=\"elementor-section elementor-top-section elementor-element elementor-element-e0b7dbf elementor-section-boxed elementor-section-height-default elementor-section-height-default\" data-id=\"e0b7dbf\" data-element_type=\"section\" data-settings=\"{&quot;background_background&quot;:&quot;classic&quot;}\">\n\t\t\t\t\t\t<div class=\"elementor-container elementor-column-gap-no\">\n\t\t\t\t\t<div class=\"elementor-column elementor-col-100 elementor-top-column elementor-element elementor-element-7dbc89e\" data-id=\"7dbc89e\" data-element_type=\"column\">\n\t\t\t<div class=\"elementor-widget-wrap elementor-element-populated\">\n\t\t\t\t\t\t\t\t<div class=\"elementor-element elementor-element-a4d82be elementor-widget elementor-widget-heading\" data-id=\"a4d82be\" data-element_type=\"widget\" data-widget_type=\"heading.default\">\n\t\t\t\t<div class=\"elementor-widget-container\">\n\t\t\t<style>\/*! elementor - v3.15.0 - 20-08-2023 *\/\n.elementor-heading-title{padding:0;margin:0;line-height:1}.elementor-widget-heading .elementor-heading-title[class*=elementor-size-]>a{color:inherit;font-size:inherit;line-height:inherit}.elementor-widget-heading .elementor-heading-title.elementor-size-small{font-size:15px}.elementor-widget-heading .elementor-heading-title.elementor-size-medium{font-size:19px}.elementor-widget-heading .elementor-heading-title.elementor-size-large{font-size:29px}.elementor-widget-heading .elementor-heading-title.elementor-size-xl{font-size:39px}.elementor-widget-heading .elementor-heading-title.elementor-size-xxl{font-size:59px}<\/style><h1 class=\"elementor-heading-title elementor-size-default\">Desinsectaci\u00f3<\/h1>\t\t<\/div>\n\t\t\t\t<\/div>\n\t\t\t\t\t<\/div>\n\t\t<\/div>\n\t\t\t\t\t\t\t<\/div>\n\t\t<\/section>\n\t\t\t\t<section class=\"elementor-section elementor-top-section elementor-element elementor-element-7ba92be elementor-reverse-mobile elementor-section-boxed elementor-section-height-default elementor-section-height-default\" data-id=\"7ba92be\" data-element_type=\"section\">\n\t\t\t\t\t\t<div class=\"elementor-container elementor-column-gap-no\">\n\t\t\t\t\t<div class=\"elementor-column elementor-col-100 elementor-top-column elementor-element elementor-element-2cd6d42\" data-id=\"2cd6d42\" data-element_type=\"column\">\n\t\t\t<div class=\"elementor-widget-wrap elementor-element-populated\">\n\t\t\t\t\t\t\t\t<section class=\"elementor-section elementor-inner-section elementor-element elementor-element-e273aa5 elementor-section-boxed elementor-section-height-default elementor-section-height-default\" data-id=\"e273aa5\" data-element_type=\"section\">\n\t\t\t\t\t\t<div class=\"elementor-container elementor-column-gap-no\">\n\t\t\t\t\t<div class=\"elementor-column elementor-col-50 elementor-inner-column elementor-element elementor-element-a500349\" data-id=\"a500349\" data-element_type=\"column\" data-settings=\"{&quot;background_background&quot;:&quot;classic&quot;}\">\n\t\t\t<div class=\"elementor-widget-wrap elementor-element-populated\">\n\t\t\t\t\t<div class=\"elementor-background-overlay\"><\/div>\n\t\t\t\t\t\t\t\t<div class=\"elementor-element elementor-element-cddabfe elementor-widget elementor-widget-image\" data-id=\"cddabfe\" data-element_type=\"widget\" data-widget_type=\"image.default\">\n\t\t\t\t<div class=\"elementor-widget-container\">\n\t\t\t<style>\/*! elementor - v3.15.0 - 20-08-2023 *\/\n.elementor-widget-image{text-align:center}.elementor-widget-image a{display:inline-block}.elementor-widget-image a img[src$=\".svg\"]{width:48px}.elementor-widget-image img{vertical-align:middle;display:inline-block}<\/style>\t\t\t\t\t\t\t\t\t\t\t\t<img loading=\"lazy\" decoding=\"async\" width=\"1333\" height=\"2000\" src=\"https:\/\/satgama.es\/wp-content\/uploads\/2023\/10\/pandemia-coronavirus-desinfectante-traje-protector-mascarilla-rocia-desinfectantes-casa-u-oficina.jpg\" class=\"attachment-full size-full wp-image-1750\" alt=\"\" srcset=\"https:\/\/satgama.es\/wp-content\/uploads\/2023\/10\/pandemia-coronavirus-desinfectante-traje-protector-mascarilla-rocia-desinfectantes-casa-u-oficina.jpg 1333w, https:\/\/satgama.es\/wp-content\/uploads\/2023\/10\/pandemia-coronavirus-desinfectante-traje-protector-mascarilla-rocia-desinfectantes-casa-u-oficina-200x300.jpg 200w, https:\/\/satgama.es\/wp-content\/uploads\/2023\/10\/pandemia-coronavirus-desinfectante-traje-protector-mascarilla-rocia-desinfectantes-casa-u-oficina-682x1024.jpg 682w, https:\/\/satgama.es\/wp-content\/uploads\/2023\/10\/pandemia-coronavirus-desinfectante-traje-protector-mascarilla-rocia-desinfectantes-casa-u-oficina-768x1152.jpg 768w, https:\/\/satgama.es\/wp-content\/uploads\/2023\/10\/pandemia-coronavirus-desinfectante-traje-protector-mascarilla-rocia-desinfectantes-casa-u-oficina-1024x1536.jpg 1024w\" sizes=\"auto, (max-width: 1333px) 100vw, 1333px\" \/>\t\t\t\t\t\t\t\t\t\t\t\t\t\t\t<\/div>\n\t\t\t\t<\/div>\n\t\t\t\t\t<\/div>\n\t\t<\/div>\n\t\t\t\t<div class=\"elementor-column elementor-col-50 elementor-inner-column elementor-element elementor-element-7fff06f\" data-id=\"7fff06f\" data-element_type=\"column\">\n\t\t\t<div class=\"elementor-widget-wrap elementor-element-populated\">\n\t\t\t\t\t\t\t\t<div class=\"elementor-element elementor-element-b81a718 elementor-widget elementor-widget-text-editor\" data-id=\"b81a718\" data-element_type=\"widget\" data-widget_type=\"text-editor.default\">\n\t\t\t\t<div class=\"elementor-widget-container\">\n\t\t\t<style>\/*! elementor - v3.15.0 - 20-08-2023 *\/\n.elementor-widget-text-editor.elementor-drop-cap-view-stacked .elementor-drop-cap{background-color:#69727d;color:#fff}.elementor-widget-text-editor.elementor-drop-cap-view-framed .elementor-drop-cap{color:#69727d;border:3px solid;background-color:transparent}.elementor-widget-text-editor:not(.elementor-drop-cap-view-default) .elementor-drop-cap{margin-top:8px}.elementor-widget-text-editor:not(.elementor-drop-cap-view-default) .elementor-drop-cap-letter{width:1em;height:1em}.elementor-widget-text-editor .elementor-drop-cap{float:left;text-align:center;line-height:1;font-size:50px}.elementor-widget-text-editor .elementor-drop-cap-letter{display:inline-block}<\/style>\t\t\t\t<p><b>Els artr\u00f2podes <\/b>(<i>especialment insectes, ar\u00e0cnids, etc<\/i>.) <b>poden arribar a ser un risc potencial per a la salut p\u00fablica, podent originar un variat espectre d&#8217;afeccions infeccioses, t\u00f2xiques i al\u00b7l\u00e8rgiques, i constituir un focus de contaminaci\u00f3 d&#8217;aliments<\/b>, a m\u00e9s de deteriorar els materials i mercaderies i de produir mol\u00e8sties diverses.<\/p><p>Aix\u00ed mateix, la <b>globalitzaci\u00f3 <\/b>(<i>despla\u00e7ament de persones i mercaderies<\/i>) <b>pot afavorir la introducci\u00f3 de nous riscos i d&#8217;esp\u00e8cies d&#8217;animals<\/b>, no aut\u00f2ctons en el nostre entorn, circumst\u00e0ncia que requereix la presa de mesures en mat\u00e8ria de prevenci\u00f3 i control.<\/p><p><b>En conseq\u00fc\u00e8ncia, l&#8217;exist\u00e8ncia d&#8217;un Pla de prevenci\u00f3 i control d&#8217;artr\u00f2podes <\/b>(<i>generalment denominat Pla de Desinsectaci\u00f3<\/i>) \u00e9s essencial per a garantir la qualitat en els ambients interiors.<\/p>\t\t\t\t\t\t<\/div>\n\t\t\t\t<\/div>\n\t\t\t\t\t<\/div>\n\t\t<\/div>\n\t\t\t\t\t\t\t<\/div>\n\t\t<\/section>\n\t\t\t\t<section class=\"elementor-section elementor-inner-section elementor-element elementor-element-b4abdda elementor-reverse-mobile elementor-section-boxed elementor-section-height-default elementor-section-height-default\" data-id=\"b4abdda\" data-element_type=\"section\">\n\t\t\t\t\t\t<div class=\"elementor-container elementor-column-gap-no\">\n\t\t\t\t\t<div class=\"elementor-column elementor-col-50 elementor-inner-column elementor-element elementor-element-c449ff7\" data-id=\"c449ff7\" data-element_type=\"column\">\n\t\t\t<div class=\"elementor-widget-wrap elementor-element-populated\">\n\t\t\t\t\t\t\t\t<div class=\"elementor-element elementor-element-c641c86 elementor-widget elementor-widget-text-editor\" data-id=\"c641c86\" data-element_type=\"widget\" data-widget_type=\"text-editor.default\">\n\t\t\t\t<div class=\"elementor-widget-container\">\n\t\t\t\t\t\t\t<p>En aquest context, <b>assumint que l&#8217;\u00fas exclusiu d&#8217;insecticides com a \u00fanic mitj\u00e0 de control no sols no \u00e9s eficient, sin\u00f3 que, a m\u00e9s, implica riscos inherents per a la salut p\u00fablica i mediambiental, es fa necess\u00e0ria la implantaci\u00f3 del Pla de Desinsectaci\u00f3 <\/b>regit sota els principis b\u00e0sics del Control Integrat de Plagues.<\/p><p>Les principals plagues: <b>T\u00e8rmits, corc, panerola alemanya <\/b>(<i>Blattella germanica<\/i>), <b>panerola oriental <\/b>(Blatta orientalis), <b>panerola americana <\/b>(<i>Periplaneta americana<\/i>), <b>formigues, vespes, procession\u00e0ria del pi, xinxes<\/b>.<\/p>\t\t\t\t\t\t<\/div>\n\t\t\t\t<\/div>\n\t\t\t\t\t<\/div>\n\t\t<\/div>\n\t\t\t\t<div class=\"elementor-column elementor-col-50 elementor-inner-column elementor-element elementor-element-d4cec6f\" data-id=\"d4cec6f\" data-element_type=\"column\" data-settings=\"{&quot;background_background&quot;:&quot;classic&quot;}\">\n\t\t\t<div class=\"elementor-widget-wrap elementor-element-populated\">\n\t\t\t\t\t<div class=\"elementor-background-overlay\"><\/div>\n\t\t\t\t\t\t\t\t<div class=\"elementor-element elementor-element-43ecdf5 elementor-widget elementor-widget-image\" data-id=\"43ecdf5\" data-element_type=\"widget\" data-widget_type=\"image.default\">\n\t\t\t\t<div class=\"elementor-widget-container\">\n\t\t\t\t\t\t\t\t\t\t\t\t\t\t\t<img loading=\"lazy\" decoding=\"async\" width=\"2000\" height=\"1335\" src=\"https:\/\/satgama.es\/wp-content\/uploads\/2023\/10\/exterminador-ropa-trabajo-rocia-pesticidas-pistola-rociadora-lucha-contra-insectos-apartamentos-casas-desinsectacion-local.jpg\" class=\"attachment-full size-full wp-image-1747\" alt=\"\" srcset=\"https:\/\/satgama.es\/wp-content\/uploads\/2023\/10\/exterminador-ropa-trabajo-rocia-pesticidas-pistola-rociadora-lucha-contra-insectos-apartamentos-casas-desinsectacion-local.jpg 2000w, https:\/\/satgama.es\/wp-content\/uploads\/2023\/10\/exterminador-ropa-trabajo-rocia-pesticidas-pistola-rociadora-lucha-contra-insectos-apartamentos-casas-desinsectacion-local-300x200.jpg 300w, https:\/\/satgama.es\/wp-content\/uploads\/2023\/10\/exterminador-ropa-trabajo-rocia-pesticidas-pistola-rociadora-lucha-contra-insectos-apartamentos-casas-desinsectacion-local-1024x684.jpg 1024w, https:\/\/satgama.es\/wp-content\/uploads\/2023\/10\/exterminador-ropa-trabajo-rocia-pesticidas-pistola-rociadora-lucha-contra-insectos-apartamentos-casas-desinsectacion-local-768x513.jpg 768w, https:\/\/satgama.es\/wp-content\/uploads\/2023\/10\/exterminador-ropa-trabajo-rocia-pesticidas-pistola-rociadora-lucha-contra-insectos-apartamentos-casas-desinsectacion-local-1536x1025.jpg 1536w\" sizes=\"auto, (max-width: 2000px) 100vw, 2000px\" \/>\t\t\t\t\t\t\t\t\t\t\t\t\t\t\t<\/div>\n\t\t\t\t<\/div>\n\t\t\t\t\t<\/div>\n\t\t<\/div>\n\t\t\t\t\t\t\t<\/div>\n\t\t<\/section>\n\t\t\t\t\t<\/div>\n\t\t<\/div>\n\t\t\t\t\t\t\t<\/div>\n\t\t<\/section>\n\t\t\t\t<section class=\"elementor-section elementor-top-section elementor-element elementor-element-cc6c5dd elementor-section-boxed elementor-section-height-default elementor-section-height-default\" data-id=\"cc6c5dd\" data-element_type=\"section\" data-settings=\"{&quot;background_background&quot;:&quot;classic&quot;}\">\n\t\t\t\t\t\t<div class=\"elementor-container elementor-column-gap-default\">\n\t\t\t\t\t<div class=\"elementor-column elementor-col-25 elementor-top-column elementor-element elementor-element-cf7a3a0\" data-id=\"cf7a3a0\" data-element_type=\"column\">\n\t\t\t<div class=\"elementor-widget-wrap elementor-element-populated\">\n\t\t\t\t\t\t\t\t<div class=\"elementor-element elementor-element-9db34d0 elementor-widget elementor-widget-image\" data-id=\"9db34d0\" data-element_type=\"widget\" data-widget_type=\"image.default\">\n\t\t\t\t<div class=\"elementor-widget-container\">\n\t\t\t\t\t\t\t\t\t\t\t\t\t\t\t<img loading=\"lazy\" decoding=\"async\" width=\"380\" height=\"200\" src=\"https:\/\/satgama.es\/wp-content\/uploads\/2023\/10\/EmbeddedImage.jpg\" class=\"attachment-large size-large wp-image-1776\" alt=\"\" srcset=\"https:\/\/satgama.es\/wp-content\/uploads\/2023\/10\/EmbeddedImage.jpg 380w, https:\/\/satgama.es\/wp-content\/uploads\/2023\/10\/EmbeddedImage-300x158.jpg 300w\" sizes=\"auto, (max-width: 380px) 100vw, 380px\" \/>\t\t\t\t\t\t\t\t\t\t\t\t\t\t\t<\/div>\n\t\t\t\t<\/div>\n\t\t\t\t\t<\/div>\n\t\t<\/div>\n\t\t\t\t<div class=\"elementor-column elementor-col-25 elementor-top-column elementor-element elementor-element-d38b1ea\" data-id=\"d38b1ea\" data-element_type=\"column\">\n\t\t\t<div class=\"elementor-widget-wrap elementor-element-populated\">\n\t\t\t\t\t\t\t\t<div class=\"elementor-element elementor-element-b9a4266 elementor-widget elementor-widget-image\" data-id=\"b9a4266\" data-element_type=\"widget\" data-widget_type=\"image.default\">\n\t\t\t\t<div class=\"elementor-widget-container\">\n\t\t\t\t\t\t\t\t\t\t\t\t\t\t\t<img loading=\"lazy\" decoding=\"async\" width=\"380\" height=\"200\" src=\"https:\/\/satgama.es\/wp-content\/uploads\/2023\/10\/EmbeddedImage2.jpg\" class=\"attachment-large size-large wp-image-1777\" alt=\"\" srcset=\"https:\/\/satgama.es\/wp-content\/uploads\/2023\/10\/EmbeddedImage2.jpg 380w, https:\/\/satgama.es\/wp-content\/uploads\/2023\/10\/EmbeddedImage2-300x158.jpg 300w\" sizes=\"auto, (max-width: 380px) 100vw, 380px\" \/>\t\t\t\t\t\t\t\t\t\t\t\t\t\t\t<\/div>\n\t\t\t\t<\/div>\n\t\t\t\t\t<\/div>\n\t\t<\/div>\n\t\t\t\t<div class=\"elementor-column elementor-col-25 elementor-top-column elementor-element elementor-element-f7eed62\" data-id=\"f7eed62\" data-element_type=\"column\">\n\t\t\t<div class=\"elementor-widget-wrap elementor-element-populated\">\n\t\t\t\t\t\t\t\t<div class=\"elementor-element elementor-element-f7323c3 elementor-widget elementor-widget-image\" data-id=\"f7323c3\" data-element_type=\"widget\" data-widget_type=\"image.default\">\n\t\t\t\t<div class=\"elementor-widget-container\">\n\t\t\t\t\t\t\t\t\t\t\t\t\t\t\t<img loading=\"lazy\" decoding=\"async\" width=\"380\" height=\"200\" src=\"https:\/\/satgama.es\/wp-content\/uploads\/2023\/10\/EmbeddedImage3.jpg\" class=\"attachment-large size-large wp-image-1778\" alt=\"\" srcset=\"https:\/\/satgama.es\/wp-content\/uploads\/2023\/10\/EmbeddedImage3.jpg 380w, https:\/\/satgama.es\/wp-content\/uploads\/2023\/10\/EmbeddedImage3-300x158.jpg 300w\" sizes=\"auto, (max-width: 380px) 100vw, 380px\" \/>\t\t\t\t\t\t\t\t\t\t\t\t\t\t\t<\/div>\n\t\t\t\t<\/div>\n\t\t\t\t\t<\/div>\n\t\t<\/div>\n\t\t\t\t<div class=\"elementor-column elementor-col-25 elementor-top-column elementor-element elementor-element-dc083c3\" data-id=\"dc083c3\" data-element_type=\"column\">\n\t\t\t<div class=\"elementor-widget-wrap elementor-element-populated\">\n\t\t\t\t\t\t\t\t<div class=\"elementor-element elementor-element-00c312c elementor-widget elementor-widget-image\" data-id=\"00c312c\" data-element_type=\"widget\" data-widget_type=\"image.default\">\n\t\t\t\t<div class=\"elementor-widget-container\">\n\t\t\t\t\t\t\t\t\t\t\t\t\t\t\t<img loading=\"lazy\" decoding=\"async\" width=\"380\" height=\"200\" src=\"https:\/\/satgama.es\/wp-content\/uploads\/2023\/10\/EmbeddedImage4.jpg\" class=\"attachment-large size-large wp-image-1779\" alt=\"\" srcset=\"https:\/\/satgama.es\/wp-content\/uploads\/2023\/10\/EmbeddedImage4.jpg 380w, https:\/\/satgama.es\/wp-content\/uploads\/2023\/10\/EmbeddedImage4-300x158.jpg 300w\" sizes=\"auto, (max-width: 380px) 100vw, 380px\" \/>\t\t\t\t\t\t\t\t\t\t\t\t\t\t\t<\/div>\n\t\t\t\t<\/div>\n\t\t\t\t\t<\/div>\n\t\t<\/div>\n\t\t\t\t\t\t\t<\/div>\n\t\t<\/section>\n\t\t\t\t\t\t\t<\/div>\n\t\t","protected":false},"excerpt":{"rendered":"<p>Desinsectaci\u00f3 Els artr\u00f2podes (especialment insectes, ar\u00e0cnids, etc.) poden arribar a ser un risc potencial per a la salut p\u00fablica, podent originar un variat espectre d&#8217;afeccions infeccioses, t\u00f2xiques i al\u00b7l\u00e8rgiques, i constituir un focus de contaminaci\u00f3 d&#8217;aliments, a m\u00e9s de deteriorar els materials i mercaderies i de produir mol\u00e8sties diverses. Aix\u00ed mateix, la globalitzaci\u00f3 (despla\u00e7ament de &hellip;<\/p>\n<p class=\"read-more\"> <a class=\"\" href=\"https:\/\/satgama.es\/ca\/desinsectacio\/\"> <span class=\"screen-reader-text\">Desinsectaci\u00f3<\/span> Leer m\u00e1s \u00bb<\/a><\/p>\n","protected":false},"author":1,"featured_media":0,"parent":0,"menu_order":0,"comment_status":"closed","ping_status":"closed","template":"","meta":{"inline_featured_image":false,"site-sidebar-layout":"no-sidebar","site-content-layout":"page-builder","ast-site-content-layout":"full-width-container","site-content-style":"unboxed","site-sidebar-style":"unboxed","ast-global-header-display":"","ast-banner-title-visibility":"","ast-main-header-display":"","ast-hfb-above-header-display":"","ast-hfb-below-header-display":"","ast-hfb-mobile-header-display":"","site-post-title":"disabled","ast-breadcrumbs-content":"disabled","ast-featured-img":"disabled","footer-sml-layout":"","theme-transparent-header-meta":"default","adv-header-id-meta":"","stick-header-meta":"","header-above-stick-meta":"","header-main-stick-meta":"","header-below-stick-meta":"","astra-migrate-meta-layouts":"set","footnotes":""},"class_list":["post-1951","page","type-page","status-publish","hentry"],"_links":{"self":[{"href":"https:\/\/satgama.es\/ca\/wp-json\/wp\/v2\/pages\/1951","targetHints":{"allow":["GET"]}}],"collection":[{"href":"https:\/\/satgama.es\/ca\/wp-json\/wp\/v2\/pages"}],"about":[{"href":"https:\/\/satgama.es\/ca\/wp-json\/wp\/v2\/types\/page"}],"author":[{"embeddable":true,"href":"https:\/\/satgama.es\/ca\/wp-json\/wp\/v2\/users\/1"}],"replies":[{"embeddable":true,"href":"https:\/\/satgama.es\/ca\/wp-json\/wp\/v2\/comments?post=1951"}],"version-history":[{"count":4,"href":"https:\/\/satgama.es\/ca\/wp-json\/wp\/v2\/pages\/1951\/revisions"}],"predecessor-version":[{"id":1976,"href":"https:\/\/satgama.es\/ca\/wp-json\/wp\/v2\/pages\/1951\/revisions\/1976"}],"wp:attachment":[{"href":"https:\/\/satgama.es\/ca\/wp-json\/wp\/v2\/media?parent=1951"}],"curies":[{"name":"wp","href":"https:\/\/api.w.org\/{rel}","templated":true}]}}