{"id":1953,"date":"2023-07-31T14:16:05","date_gmt":"2023-07-31T12:16:05","guid":{"rendered":"https:\/\/satgama.es\/politica-de-privacidad-y-aviso-legal\/"},"modified":"2024-10-21T17:45:57","modified_gmt":"2024-10-21T15:45:57","slug":"avis-legal-i-politica-de-privacitat","status":"publish","type":"page","link":"https:\/\/satgama.es\/ca\/avis-legal-i-politica-de-privacitat\/","title":{"rendered":"Av\u00eds Legal i Pol\u00edtica de Privacitat"},"content":{"rendered":"\t\t<div data-elementor-type=\"wp-page\" data-elementor-id=\"1953\" class=\"elementor elementor-1953 elementor-1387\">\n\t\t\t\t\t\t\t\t\t<section class=\"elementor-section elementor-top-section elementor-element elementor-element-e0467ff elementor-section-boxed elementor-section-height-default elementor-section-height-default\" data-id=\"e0467ff\" data-element_type=\"section\" data-settings=\"{&quot;background_background&quot;:&quot;classic&quot;}\">\n\t\t\t\t\t\t<div class=\"elementor-container elementor-column-gap-no\">\n\t\t\t\t\t<div class=\"elementor-column elementor-col-100 elementor-top-column elementor-element elementor-element-561adf0\" data-id=\"561adf0\" data-element_type=\"column\">\n\t\t\t<div class=\"elementor-widget-wrap elementor-element-populated\">\n\t\t\t\t\t\t\t\t<div class=\"elementor-element elementor-element-76e8320 elementor-widget elementor-widget-heading\" data-id=\"76e8320\" data-element_type=\"widget\" data-widget_type=\"heading.default\">\n\t\t\t\t<div class=\"elementor-widget-container\">\n\t\t\t<style>\/*! elementor - v3.15.0 - 20-08-2023 *\/\n.elementor-heading-title{padding:0;margin:0;line-height:1}.elementor-widget-heading .elementor-heading-title[class*=elementor-size-]>a{color:inherit;font-size:inherit;line-height:inherit}.elementor-widget-heading .elementor-heading-title.elementor-size-small{font-size:15px}.elementor-widget-heading .elementor-heading-title.elementor-size-medium{font-size:19px}.elementor-widget-heading .elementor-heading-title.elementor-size-large{font-size:29px}.elementor-widget-heading .elementor-heading-title.elementor-size-xl{font-size:39px}.elementor-widget-heading .elementor-heading-title.elementor-size-xxl{font-size:59px}<\/style><h1 class=\"elementor-heading-title elementor-size-default\">Av\u00eds Legal i Pol\u00edtica\nde Privacitat<\/h1>\t\t<\/div>\n\t\t\t\t<\/div>\n\t\t\t\t\t<\/div>\n\t\t<\/div>\n\t\t\t\t\t\t\t<\/div>\n\t\t<\/section>\n\t\t\t\t<section class=\"elementor-section elementor-top-section elementor-element elementor-element-3683aa6 elementor-reverse-mobile elementor-section-boxed elementor-section-height-default elementor-section-height-default\" data-id=\"3683aa6\" data-element_type=\"section\">\n\t\t\t\t\t\t<div class=\"elementor-container elementor-column-gap-no\">\n\t\t\t\t\t<div class=\"elementor-column elementor-col-100 elementor-top-column elementor-element elementor-element-89f7068\" data-id=\"89f7068\" data-element_type=\"column\">\n\t\t\t<div class=\"elementor-widget-wrap elementor-element-populated\">\n\t\t\t\t\t\t\t\t<section class=\"elementor-section elementor-inner-section elementor-element elementor-element-27741be elementor-section-boxed elementor-section-height-default elementor-section-height-default\" data-id=\"27741be\" data-element_type=\"section\">\n\t\t\t\t\t\t<div class=\"elementor-container elementor-column-gap-no\">\n\t\t\t\t\t<div class=\"elementor-column elementor-col-100 elementor-inner-column elementor-element elementor-element-6272996\" data-id=\"6272996\" data-element_type=\"column\">\n\t\t\t<div class=\"elementor-widget-wrap elementor-element-populated\">\n\t\t\t\t\t\t\t\t<div class=\"elementor-element elementor-element-140472f elementor-widget elementor-widget-text-editor\" data-id=\"140472f\" data-element_type=\"widget\" data-widget_type=\"text-editor.default\">\n\t\t\t\t<div class=\"elementor-widget-container\">\n\t\t\t<style>\/*! elementor - v3.15.0 - 20-08-2023 *\/\n.elementor-widget-text-editor.elementor-drop-cap-view-stacked .elementor-drop-cap{background-color:#69727d;color:#fff}.elementor-widget-text-editor.elementor-drop-cap-view-framed .elementor-drop-cap{color:#69727d;border:3px solid;background-color:transparent}.elementor-widget-text-editor:not(.elementor-drop-cap-view-default) .elementor-drop-cap{margin-top:8px}.elementor-widget-text-editor:not(.elementor-drop-cap-view-default) .elementor-drop-cap-letter{width:1em;height:1em}.elementor-widget-text-editor .elementor-drop-cap{float:left;text-align:center;line-height:1;font-size:50px}.elementor-widget-text-editor .elementor-drop-cap-letter{display:inline-block}<\/style>\t\t\t\t<h4>1. Av\u00eds Legal<\/h4>\n<p>En compliment de l&#8217;article 10 de la Llei 34\/2002, de l&#8217;11 de juliol, de serveis de la Societat de la Informaci\u00f3 i Comer\u00e7 Electr\u00f2nic (LSSICE) s&#8217;exposen a continuaci\u00f3 les dades identificatives de l&#8217;empresa.<\/p>\n<p><strong>Denominaci\u00f3 social:<\/strong><\/p>\n<p>Reparaci\u00f3n Electrodom\u00e9sticos Gama, s.l en adelante Gama, s.l.<\/p>\n<p><strong>N\u00famero d&#8217;identificaci\u00f3 fiscal:<\/strong><\/p>\n<p>B60507928<\/p>\n<p><strong>Domicili social:<\/strong><\/p>\n<p>Besa 13<\/p>\n<p>08904 Hospitalet de llobregat<\/p>\n<p><strong>Correu electr\u00f2nic:<\/strong><\/p>\n<p>info@sat-gama.com<\/p>\n<p><strong>Tel\u00e8fon:<\/strong><\/p>\n<p>934 495 293<\/p>\n<p>Aquest lloc web ha estat creat per l&#8217;empresa Gama, S.L. amb car\u00e0cter informatiu i per a \u00fas personal dels usuaris.A trav\u00e9s d&#8217;aquest Av\u00eds legal, es pret\u00e9n regular l&#8217;acc\u00e9s i \u00fas d&#8217;aquest lloc web, aix\u00ed com la relaci\u00f3 entre el lloc web i els seus usuaris. Accedint a aquest lloc web s&#8217;accepten els seg\u00fcents termes i condicions: L&#8217;acc\u00e9s a aquest lloc web \u00e9s responsabilitat exclusiva dels usuaris.<\/p>\n<p>El simple acc\u00e9s a aquest lloc web no suposa entaular cap mena de relaci\u00f3 comercial entre Gama, S.L. i l&#8217;usuari.<\/p>\n<p>L&#8217;acc\u00e9s i la navegaci\u00f3 en aquest lloc web suposa acceptar i con\u00e8ixer els advertiments legals, condicions i termes d&#8217;\u00fas contingudes en ella.<\/p>\n<p>El titular del lloc web pot oferir serveis o productes que podran trobar-se sotmesos a unes condicions particulars pr\u00f2pies que, segons els casos, substitueixin, completin i\/o modifiquin les presents condicions, i sobre les quals s&#8217;informar\u00e0 l&#8217;usuari en cada cas concret.<\/p>\n<h4>2. Recollida i tractament de dades de car\u00e0cter personal<\/h4>\n<p>Durant el proc\u00e9s de comanda o obertura d&#8217;un nou compte es procedir\u00e0 a la recollida de dades personals. Aquestes dades seran incorporades a un fitxer sota responsabilitat de Gama, S.L. , amb l&#8217;objectiu de gestionar la tramitaci\u00f3 i execuci\u00f3 de la seva comanda. <br><\/p>\n<p>Tret que vost\u00e8 consenti de manera expressa la continuaci\u00f3 de l&#8217;\u00fas de les seves dades personals, aquests seran bloquejats una vegada s&#8217;hagi executat la comanda i el preu de compra hagi estat abonat \u00edntegrament. Les seves dades personals seran eliminats transcorregut el termini legalment establert per al compliment de les nostres obligacions mercantils i fiscals, sempre que vost\u00e8 no hagi autoritzat expressament la continuaci\u00f3 del seu \u00fas.<\/p>\n<h4>3. Drets d&#8217;acc\u00e9s, rectificaci\u00f3, cancel\u00b7laci\u00f3 i oposici\u00f3<\/h4>\n<p>Vost\u00e8 pot exercir els seus drets d&#8217;acc\u00e9s, rectificaci\u00f3 i cancel\u00b7laci\u00f3 i oposici\u00f3 sobre les seves dades personals, de manera gratu\u00efta, enviant un correu electr\u00f2nic a l&#8217;adre\u00e7a: <a href=\"mailto:info@sat-gama.com\">info@sat-gama.com<\/a><\/p>\n<h4>4. Text informatiu sobre l&#8217;\u00fas de Google Analytics<\/h4>\n<p>La Web fa \u00fas de Google Analytics, un servei d&#8217;anal\u00edtica de Google, Inc. (\u201cGoogle\u201d). Google Analytics utilitza cookies, arxius de text situats en el teu ordinador, amb l&#8217;objectiu de dur a terme una anal\u00edtica Web sobre el mode d&#8217;\u00fas dels usuaris de la Web. La informaci\u00f3 generada per la cookie sobre el teu \u00fas de la Web (incloent la teva adre\u00e7a IP), ser\u00e0 transmesa i emmagatzemada per Google en els servidors d&#8217;internet dels Estats Units. Google no associar\u00e0 la seva adre\u00e7a IP amb cap altra dada del qual disposi Google. Pot Vost\u00e8 rebutjar el tractament de les dades o la informaci\u00f3 rebutjant l&#8217;\u00fas de cookies mitjan\u00e7ant la selecci\u00f3 de la configuraci\u00f3 apropiada del seu navegador, no obstant aix\u00f2, deu Vost\u00e8 saber que si ho fa pot ser que no pugui usar la plena funcionalitat d&#8217;aquest website. Per a m\u00e9s informaci\u00f3 sobre Google Analytics premi aqu\u00ed:<\/p>\n<p><a href=\"https:\/\/developers.google.com\/analytics\/devguides\/collection\/analyticsjs\/cookie-usage\">https:\/\/developers.google.com\/analytics\/devguides\/collection\/analyticsjs\/cookie-usage<\/a><\/p>\n<p>A m\u00e9s, vost\u00e8 pot impedir el registre de les dades facilitades per la cookie a Google referents a l&#8217;\u00fas del lloc web (inclosa la seva adre\u00e7a IP), aix\u00ed com el processament d&#8217;aquestes dades per part de Google descarregant i instal\u00b7lant-se en el seu ordinador el connector de navegador disponible a trav\u00e9s del seg\u00fcent enlla\u00e7:<\/p>\n<p><a href=\"https:\/\/tools.google.com\/dlpage\/gaoptout?hl=es\">https:\/\/tools.google.com\/dlpage\/gaoptout?hl=es<\/a><\/p>\n<p>Vost\u00e8 pot donar-se de baixa de les mateixes en qualsevol moment. Les dades personals que ens faciliti seran utilitzats amb la finalitat de facilitar-li la informaci\u00f3 sol\u00b7licitada, gestionar els productes o serveis contractats. Poden donar-se de baixa enviant un correu a l&#8217;email: gama@sat-gama.com amb la paraula BAIXA a l&#8217;assumpte.<br><\/p>\n<p>.<\/p>\t\t\t\t\t\t<\/div>\n\t\t\t\t<\/div>\n\t\t\t\t\t<\/div>\n\t\t<\/div>\n\t\t\t\t\t\t\t<\/div>\n\t\t<\/section>\n\t\t\t\t\t<\/div>\n\t\t<\/div>\n\t\t\t\t\t\t\t<\/div>\n\t\t<\/section>\n\t\t\t\t\t\t\t<\/div>\n\t\t","protected":false},"excerpt":{"rendered":"<p>Av\u00eds Legal i Pol\u00edtica de Privacitat 1. Av\u00eds Legal En compliment de l&#8217;article 10 de la Llei 34\/2002, de l&#8217;11 de juliol, de serveis de la Societat de la Informaci\u00f3 i Comer\u00e7 Electr\u00f2nic (LSSICE) s&#8217;exposen a continuaci\u00f3 les dades identificatives de l&#8217;empresa. Denominaci\u00f3 social: Reparaci\u00f3n Electrodom\u00e9sticos Gama, s.l en adelante Gama, s.l. N\u00famero d&#8217;identificaci\u00f3 fiscal: &hellip;<\/p>\n<p class=\"read-more\"> <a class=\"\" href=\"https:\/\/satgama.es\/ca\/avis-legal-i-politica-de-privacitat\/\"> <span class=\"screen-reader-text\">Av\u00eds Legal i Pol\u00edtica de Privacitat<\/span> Leer m\u00e1s \u00bb<\/a><\/p>\n","protected":false},"author":1,"featured_media":0,"parent":0,"menu_order":0,"comment_status":"closed","ping_status":"closed","template":"","meta":{"inline_featured_image":false,"site-sidebar-layout":"no-sidebar","site-content-layout":"page-builder","ast-site-content-layout":"full-width-container","site-content-style":"unboxed","site-sidebar-style":"unboxed","ast-global-header-display":"","ast-banner-title-visibility":"","ast-main-header-display":"","ast-hfb-above-header-display":"","ast-hfb-below-header-display":"","ast-hfb-mobile-header-display":"","site-post-title":"disabled","ast-breadcrumbs-content":"disabled","ast-featured-img":"disabled","footer-sml-layout":"","theme-transparent-header-meta":"default","adv-header-id-meta":"","stick-header-meta":"","header-above-stick-meta":"","header-main-stick-meta":"","header-below-stick-meta":"","astra-migrate-meta-layouts":"set","footnotes":""},"class_list":["post-1953","page","type-page","status-publish","hentry"],"_links":{"self":[{"href":"https:\/\/satgama.es\/ca\/wp-json\/wp\/v2\/pages\/1953","targetHints":{"allow":["GET"]}}],"collection":[{"href":"https:\/\/satgama.es\/ca\/wp-json\/wp\/v2\/pages"}],"about":[{"href":"https:\/\/satgama.es\/ca\/wp-json\/wp\/v2\/types\/page"}],"author":[{"embeddable":true,"href":"https:\/\/satgama.es\/ca\/wp-json\/wp\/v2\/users\/1"}],"replies":[{"embeddable":true,"href":"https:\/\/satgama.es\/ca\/wp-json\/wp\/v2\/comments?post=1953"}],"version-history":[{"count":29,"href":"https:\/\/satgama.es\/ca\/wp-json\/wp\/v2\/pages\/1953\/revisions"}],"predecessor-version":[{"id":2563,"href":"https:\/\/satgama.es\/ca\/wp-json\/wp\/v2\/pages\/1953\/revisions\/2563"}],"wp:attachment":[{"href":"https:\/\/satgama.es\/ca\/wp-json\/wp\/v2\/media?parent=1953"}],"curies":[{"name":"wp","href":"https:\/\/api.w.org\/{rel}","templated":true}]}}